{"id":1080,"date":"2021-01-16T17:19:09","date_gmt":"2021-01-16T20:19:09","guid":{"rendered":"https:\/\/blog.elasbank.com.br\/?page_id=1080"},"modified":"2021-01-16T17:19:59","modified_gmt":"2021-01-16T20:19:59","slug":"faq-cartoes","status":"publish","type":"page","link":"https:\/\/blog.ladybank.com.br\/index.php\/faq\/faq-cartoes\/","title":{"rendered":"FAQ-Cart\u00f5es"},"content":{"rendered":"\t\t<div data-elementor-type=\"wp-page\" data-elementor-id=\"1080\" class=\"elementor elementor-1080\" data-elementor-settings=\"[]\">\n\t\t\t\t\t\t<div class=\"elementor-inner\">\n\t\t\t\t\t\t\t<div class=\"elementor-section-wrap\">\n\t\t\t\t\t\t\t<section class=\"elementor-section elementor-top-section elementor-element elementor-element-adc2149 elementor-section-content-top elementor-section-boxed elementor-section-height-default elementor-section-height-default\" data-id=\"adc2149\" data-element_type=\"section\" data-settings=\"{&quot;background_background&quot;:&quot;gradient&quot;}\">\n\t\t\t\t\t\t\t<div class=\"elementor-background-overlay\"><\/div>\n\t\t\t\t\t\t\t<div class=\"elementor-container elementor-column-gap-default\">\n\t\t\t\t\t\t\t<div class=\"elementor-row\">\n\t\t\t\t\t<div class=\"elementor-column elementor-col-100 elementor-top-column elementor-element elementor-element-f6491b4\" data-id=\"f6491b4\" data-element_type=\"column\">\n\t\t\t<div class=\"elementor-column-wrap elementor-element-populated\">\n\t\t\t\t\t\t\t<div class=\"elementor-widget-wrap\">\n\t\t\t\t\t\t<div class=\"elementor-element elementor-element-5848920 elementor-grid-4 elementor-posts--align-left elementor-grid-tablet-2 elementor-grid-mobile-1 elementor-posts--thumbnail-top elementor-card-shadow-yes elementor-posts__hover-gradient elementor-widget elementor-widget-posts\" data-id=\"5848920\" data-element_type=\"widget\" data-settings=\"{&quot;cards_columns&quot;:&quot;4&quot;,&quot;cards_masonry&quot;:&quot;yes&quot;,&quot;cards_row_gap&quot;:{&quot;unit&quot;:&quot;px&quot;,&quot;size&quot;:36,&quot;sizes&quot;:[]},&quot;pagination_type&quot;:&quot;numbers_and_prev_next&quot;,&quot;cards_columns_tablet&quot;:&quot;2&quot;,&quot;cards_columns_mobile&quot;:&quot;1&quot;,&quot;cards_row_gap_tablet&quot;:{&quot;unit&quot;:&quot;px&quot;,&quot;size&quot;:&quot;&quot;,&quot;sizes&quot;:[]},&quot;cards_row_gap_mobile&quot;:{&quot;unit&quot;:&quot;px&quot;,&quot;size&quot;:&quot;&quot;,&quot;sizes&quot;:[]}}\" data-widget_type=\"posts.cards\">\n\t\t\t\t<div class=\"elementor-widget-container\">\n\t\t\t\t\t<div class=\"elementor-posts-container elementor-posts elementor-posts--skin-cards elementor-grid\">\n\t\t\t\t<article class=\"elementor-post elementor-grid-item post-1696 post type-post status-publish format-standard has-post-thumbnail hentry category-cartao category-faq-cartoes category-saques tag-cartao-elasbank tag-saques\">\n\t\t\t<div class=\"elementor-post__card\">\n\t\t\t\t<a class=\"elementor-post__thumbnail__link\" href=\"https:\/\/blog.ladybank.com.br\/index.php\/2021\/03\/24\/por-que-iremos-cobrar-pelo-saque\/\" ><div class=\"elementor-post__thumbnail\"><img width=\"150\" height=\"150\" src=\"https:\/\/blog.ladybank.com.br\/wp-content\/uploads\/2021\/03\/POST312-150x150.png\" class=\"attachment-thumbnail size-thumbnail\" alt=\"\" loading=\"lazy\" srcset=\"https:\/\/blog.ladybank.com.br\/wp-content\/uploads\/2021\/03\/POST312-150x150.png 150w, https:\/\/blog.ladybank.com.br\/wp-content\/uploads\/2021\/03\/POST312-300x300.png 300w, https:\/\/blog.ladybank.com.br\/wp-content\/uploads\/2021\/03\/POST312-1024x1024.png 1024w, https:\/\/blog.ladybank.com.br\/wp-content\/uploads\/2021\/03\/POST312-768x767.png 768w, https:\/\/blog.ladybank.com.br\/wp-content\/uploads\/2021\/03\/POST312.png 1080w\" sizes=\"(max-width: 150px) 100vw, 150px\" \/><\/div><\/a>\n\t\t\t\t<div class=\"elementor-post__badge\">Cart\u00e3o<\/div>\n\t\t\t\t<div class=\"elementor-post__text\">\n\t\t\t\t<h1 class=\"elementor-post__title\">\n\t\t\t<a href=\"https:\/\/blog.ladybank.com.br\/index.php\/2021\/03\/24\/por-que-iremos-cobrar-pelo-saque\/\" >\n\t\t\t\tPor que iremos cobrar pelo saque?\t\t\t<\/a>\n\t\t<\/h1>\n\t\t\t\t<div class=\"elementor-post__excerpt\">\n\t\t\t<p>Apesar de ser uma empresa 100% digital, entendemos que o dinheiro f\u00edsico ainda \u00e9 importante para muitos de nossos clientes. Por isso, disponibilizamos o servi\u00e7o de saque utilizando a estrutura de empresas parceiras, como a rede Banco24Horas. Usar essas redes externas de caixas implica em um custo. O valor cobrado<\/p>\n\t\t<\/div>\n\t\t\t\t\t<a class=\"elementor-post__read-more\" href=\"https:\/\/blog.ladybank.com.br\/index.php\/2021\/03\/24\/por-que-iremos-cobrar-pelo-saque\/\" >\n\t\t\t\tLeia mais \u00bb\t\t\t<\/a>\n\t\t\t\t<\/div>\n\t\t\t\t<div class=\"elementor-post__meta-data\">\n\t\t\t\t\t<span class=\"elementor-post-date\">\n\t\t\t24 de mar\u00e7o de 2021\t\t<\/span>\n\t\t\t\t<span class=\"elementor-post-avatar\">\n\t\t\tNenhum coment\u00e1rio\t\t<\/span>\n\t\t\t\t<\/div>\n\t\t\t\t\t<\/div>\n\t\t<\/article>\n\t\t\t\t<article class=\"elementor-post elementor-grid-item post-1154 post type-post status-publish format-standard has-post-thumbnail hentry category-faq-cartoes tag-cartao-bandeira-elo tag-como-debito\">\n\t\t\t<div class=\"elementor-post__card\">\n\t\t\t\t<a class=\"elementor-post__thumbnail__link\" href=\"https:\/\/blog.ladybank.com.br\/index.php\/2021\/01\/19\/como-e-onde-posso-usar-o-cartao-ladybank\/\" ><div class=\"elementor-post__thumbnail\"><img width=\"150\" height=\"150\" src=\"https:\/\/blog.ladybank.com.br\/wp-content\/uploads\/2021\/01\/POST304-150x150.png\" class=\"attachment-thumbnail size-thumbnail\" alt=\"\" loading=\"lazy\" srcset=\"https:\/\/blog.ladybank.com.br\/wp-content\/uploads\/2021\/01\/POST304-150x150.png 150w, https:\/\/blog.ladybank.com.br\/wp-content\/uploads\/2021\/01\/POST304-300x300.png 300w, https:\/\/blog.ladybank.com.br\/wp-content\/uploads\/2021\/01\/POST304-1024x1024.png 1024w, https:\/\/blog.ladybank.com.br\/wp-content\/uploads\/2021\/01\/POST304-768x767.png 768w, https:\/\/blog.ladybank.com.br\/wp-content\/uploads\/2021\/01\/POST304.png 1080w\" sizes=\"(max-width: 150px) 100vw, 150px\" \/><\/div><\/a>\n\t\t\t\t<div class=\"elementor-post__badge\">FAQ-Cart\u00f5es<\/div>\n\t\t\t\t<div class=\"elementor-post__text\">\n\t\t\t\t<h1 class=\"elementor-post__title\">\n\t\t\t<a href=\"https:\/\/blog.ladybank.com.br\/index.php\/2021\/01\/19\/como-e-onde-posso-usar-o-cartao-ladybank\/\" >\n\t\t\t\tComo e onde posso usar o meu Cart\u00e3o LadyBank?\t\t\t<\/a>\n\t\t<\/h1>\n\t\t\t\t<div class=\"elementor-post__excerpt\">\n\t\t\t<p>Com o cart\u00e3o pr\u00e9-pago Internacional LadyBank,&nbsp; voc\u00ea pode realizar compras online e em qualquer estabelecimento&nbsp; que aceite a bandeira Elo. Lembre-se de sempre utilizar na fun\u00e7\u00e3o cr\u00e9dito. O&nbsp; cart\u00e3o possui a tecnologia Contactless at\u00e9 R$ 50,00, e voc\u00ea pode fazer pagamentos sem ter que utilizar a senha pessoal nesse sistema.<\/p>\n\t\t<\/div>\n\t\t\t\t\t<a class=\"elementor-post__read-more\" href=\"https:\/\/blog.ladybank.com.br\/index.php\/2021\/01\/19\/como-e-onde-posso-usar-o-cartao-ladybank\/\" >\n\t\t\t\tLeia mais \u00bb\t\t\t<\/a>\n\t\t\t\t<\/div>\n\t\t\t\t<div class=\"elementor-post__meta-data\">\n\t\t\t\t\t<span class=\"elementor-post-date\">\n\t\t\t19 de janeiro de 2021\t\t<\/span>\n\t\t\t\t<span class=\"elementor-post-avatar\">\n\t\t\tNenhum coment\u00e1rio\t\t<\/span>\n\t\t\t\t<\/div>\n\t\t\t\t\t<\/div>\n\t\t<\/article>\n\t\t\t\t<article class=\"elementor-post elementor-grid-item post-1158 post type-post status-publish format-standard has-post-thumbnail hentry category-faq-cartoes tag-rede-24horas tag-saques\">\n\t\t\t<div class=\"elementor-post__card\">\n\t\t\t\t<a class=\"elementor-post__thumbnail__link\" href=\"https:\/\/blog.ladybank.com.br\/index.php\/2021\/01\/19\/onde-posso-fazer-saques\/\" ><div class=\"elementor-post__thumbnail\"><img width=\"150\" height=\"150\" src=\"https:\/\/blog.ladybank.com.br\/wp-content\/uploads\/2021\/01\/POST303-3-150x150.png\" class=\"attachment-thumbnail size-thumbnail\" alt=\"\" loading=\"lazy\" srcset=\"https:\/\/blog.ladybank.com.br\/wp-content\/uploads\/2021\/01\/POST303-3-150x150.png 150w, https:\/\/blog.ladybank.com.br\/wp-content\/uploads\/2021\/01\/POST303-3-300x300.png 300w, https:\/\/blog.ladybank.com.br\/wp-content\/uploads\/2021\/01\/POST303-3-1024x1024.png 1024w, https:\/\/blog.ladybank.com.br\/wp-content\/uploads\/2021\/01\/POST303-3-768x767.png 768w, https:\/\/blog.ladybank.com.br\/wp-content\/uploads\/2021\/01\/POST303-3.png 1080w\" sizes=\"(max-width: 150px) 100vw, 150px\" \/><\/div><\/a>\n\t\t\t\t<div class=\"elementor-post__badge\">FAQ-Cart\u00f5es<\/div>\n\t\t\t\t<div class=\"elementor-post__text\">\n\t\t\t\t<h1 class=\"elementor-post__title\">\n\t\t\t<a href=\"https:\/\/blog.ladybank.com.br\/index.php\/2021\/01\/19\/onde-posso-fazer-saques\/\" >\n\t\t\t\tOnde posso realizar saques?\t\t\t<\/a>\n\t\t<\/h1>\n\t\t\t\t<div class=\"elementor-post__excerpt\">\n\t\t\t<p>Com o cart\u00e3o LadyBank, voc\u00ea pode fazer saques nos caixas eletr\u00f4nicos da rede do Banco24Horas. H\u00e1 um limite di\u00e1rio de R$2.000,00 (dois mil reais) para retiradas, com um m\u00e1ximo de R$1.000,00 (mil reais) por saque. Para sua seguran\u00e7a, os saques feitos das 20h at\u00e9 8h do dia seguinte t\u00eam o<\/p>\n\t\t<\/div>\n\t\t\t\t\t<a class=\"elementor-post__read-more\" href=\"https:\/\/blog.ladybank.com.br\/index.php\/2021\/01\/19\/onde-posso-fazer-saques\/\" >\n\t\t\t\tLeia mais \u00bb\t\t\t<\/a>\n\t\t\t\t<\/div>\n\t\t\t\t<div class=\"elementor-post__meta-data\">\n\t\t\t\t\t<span class=\"elementor-post-date\">\n\t\t\t19 de janeiro de 2021\t\t<\/span>\n\t\t\t\t<span class=\"elementor-post-avatar\">\n\t\t\tNenhum coment\u00e1rio\t\t<\/span>\n\t\t\t\t<\/div>\n\t\t\t\t\t<\/div>\n\t\t<\/article>\n\t\t\t\t<\/div>\n\n\n\t\t\n\t\t\t\t<\/div>\n\t\t\t\t<\/div>\n\t\t\t\t\t\t<\/div>\n\t\t\t\t\t<\/div>\n\t\t<\/div>\n\t\t\t\t\t\t\t\t<\/div>\n\t\t\t\t\t<\/div>\n\t\t<\/section>\n\t\t\t\t\t\t<\/div>\n\t\t\t\t\t\t<\/div>\n\t\t\t\t\t<\/div>\n\t\t","protected":false},"excerpt":{"rendered":"","protected":false},"author":1,"featured_media":0,"parent":837,"menu_order":4,"comment_status":"closed","ping_status":"closed","template":"","meta":[],"yoast_head":"<!-- This site is optimized with the Yoast SEO Premium plugin v18.4 (Yoast SEO v19.4) - https:\/\/yoast.com\/wordpress\/plugins\/seo\/ -->\n<title>FAQ-Cart\u00f5es - blog da LadyBank<\/title>\n<meta name=\"robots\" content=\"index, follow, max-snippet:-1, max-image-preview:large, max-video-preview:-1\" \/>\n<link rel=\"canonical\" href=\"https:\/\/blog.ladybank.com.br\/index.php\/faq\/faq-cartoes\/\" \/>\n<meta property=\"og:locale\" content=\"pt_BR\" \/>\n<meta property=\"og:type\" content=\"article\" \/>\n<meta property=\"og:title\" content=\"FAQ-Cart\u00f5es\" \/>\n<meta property=\"og:url\" content=\"https:\/\/blog.ladybank.com.br\/index.php\/faq\/faq-cartoes\/\" \/>\n<meta property=\"og:site_name\" content=\"blog da LadyBank\" \/>\n<meta property=\"article:publisher\" content=\"https:\/\/www.facebook.com\/ElasBank\" \/>\n<meta property=\"article:modified_time\" content=\"2021-01-16T20:19:59+00:00\" \/>\n<meta property=\"og:image\" content=\"https:\/\/blog.ladybank.com.br\/wp-content\/uploads\/2021\/07\/cropped-avatar-face.jpg\" \/>\n\t<meta property=\"og:image:width\" content=\"512\" \/>\n\t<meta property=\"og:image:height\" content=\"512\" \/>\n\t<meta property=\"og:image:type\" content=\"image\/jpeg\" \/>\n<meta name=\"twitter:card\" content=\"summary_large_image\" \/>\n<meta name=\"twitter:site\" content=\"@Elasbank\" \/>\n<script type=\"application\/ld+json\" class=\"yoast-schema-graph\">{\"@context\":\"https:\/\/schema.org\",\"@graph\":[{\"@type\":\"Organization\",\"@id\":\"https:\/\/blog.ladybank.com.br\/#organization\",\"name\":\"ElasBank\",\"url\":\"https:\/\/blog.ladybank.com.br\/\",\"sameAs\":[\"https:\/\/www.instagram.com\/elasbank\/\",\"https:\/\/www.linkedin.com\/company\/64980284\/admin\/\",\"https:\/\/www.facebook.com\/ElasBank\",\"https:\/\/twitter.com\/Elasbank\"],\"logo\":{\"@type\":\"ImageObject\",\"inLanguage\":\"pt-BR\",\"@id\":\"https:\/\/blog.ladybank.com.br\/#\/schema\/logo\/image\/\",\"url\":\"https:\/\/blog.elasbank.com.br\/wp-content\/uploads\/2021\/07\/avatar-face.jpg\",\"contentUrl\":\"https:\/\/blog.elasbank.com.br\/wp-content\/uploads\/2021\/07\/avatar-face.jpg\",\"width\":180,\"height\":180,\"caption\":\"ElasBank\"},\"image\":{\"@id\":\"https:\/\/blog.ladybank.com.br\/#\/schema\/logo\/image\/\"}},{\"@type\":\"WebSite\",\"@id\":\"https:\/\/blog.ladybank.com.br\/#website\",\"url\":\"https:\/\/blog.ladybank.com.br\/\",\"name\":\"blog da LadyBank\",\"description\":\"De Mulheres para Mulheres\",\"publisher\":{\"@id\":\"https:\/\/blog.ladybank.com.br\/#organization\"},\"potentialAction\":[{\"@type\":\"SearchAction\",\"target\":{\"@type\":\"EntryPoint\",\"urlTemplate\":\"https:\/\/blog.ladybank.com.br\/?s={search_term_string}\"},\"query-input\":\"required name=search_term_string\"}],\"inLanguage\":\"pt-BR\"},{\"@type\":\"WebPage\",\"@id\":\"https:\/\/blog.ladybank.com.br\/index.php\/faq\/faq-cartoes\/\",\"url\":\"https:\/\/blog.ladybank.com.br\/index.php\/faq\/faq-cartoes\/\",\"name\":\"FAQ-Cart\u00f5es - blog da LadyBank\",\"isPartOf\":{\"@id\":\"https:\/\/blog.ladybank.com.br\/#website\"},\"datePublished\":\"2021-01-16T20:19:09+00:00\",\"dateModified\":\"2021-01-16T20:19:59+00:00\",\"breadcrumb\":{\"@id\":\"https:\/\/blog.ladybank.com.br\/index.php\/faq\/faq-cartoes\/#breadcrumb\"},\"inLanguage\":\"pt-BR\",\"potentialAction\":[{\"@type\":\"ReadAction\",\"target\":[\"https:\/\/blog.ladybank.com.br\/index.php\/faq\/faq-cartoes\/\"]}]},{\"@type\":\"BreadcrumbList\",\"@id\":\"https:\/\/blog.ladybank.com.br\/index.php\/faq\/faq-cartoes\/#breadcrumb\",\"itemListElement\":[{\"@type\":\"ListItem\",\"position\":1,\"name\":\"In\u00edcio\",\"item\":\"https:\/\/blog.ladybank.com.br\/\"},{\"@type\":\"ListItem\",\"position\":2,\"name\":\"Tira-d\u00favidas (FAQ)\",\"item\":\"https:\/\/blog.ladybank.com.br\/index.php\/faq\/\"},{\"@type\":\"ListItem\",\"position\":3,\"name\":\"FAQ-Cart\u00f5es\"}]}]}<\/script>\n<!-- \/ Yoast SEO Premium plugin. -->","yoast_head_json":{"title":"FAQ-Cart\u00f5es - blog da LadyBank","robots":{"index":"index","follow":"follow","max-snippet":"max-snippet:-1","max-image-preview":"max-image-preview:large","max-video-preview":"max-video-preview:-1"},"canonical":"https:\/\/blog.ladybank.com.br\/index.php\/faq\/faq-cartoes\/","og_locale":"pt_BR","og_type":"article","og_title":"FAQ-Cart\u00f5es","og_url":"https:\/\/blog.ladybank.com.br\/index.php\/faq\/faq-cartoes\/","og_site_name":"blog da LadyBank","article_publisher":"https:\/\/www.facebook.com\/ElasBank","article_modified_time":"2021-01-16T20:19:59+00:00","og_image":[{"width":512,"height":512,"url":"https:\/\/blog.ladybank.com.br\/wp-content\/uploads\/2021\/07\/cropped-avatar-face.jpg","type":"image\/jpeg"}],"twitter_card":"summary_large_image","twitter_site":"@Elasbank","schema":{"@context":"https:\/\/schema.org","@graph":[{"@type":"Organization","@id":"https:\/\/blog.ladybank.com.br\/#organization","name":"ElasBank","url":"https:\/\/blog.ladybank.com.br\/","sameAs":["https:\/\/www.instagram.com\/elasbank\/","https:\/\/www.linkedin.com\/company\/64980284\/admin\/","https:\/\/www.facebook.com\/ElasBank","https:\/\/twitter.com\/Elasbank"],"logo":{"@type":"ImageObject","inLanguage":"pt-BR","@id":"https:\/\/blog.ladybank.com.br\/#\/schema\/logo\/image\/","url":"https:\/\/blog.elasbank.com.br\/wp-content\/uploads\/2021\/07\/avatar-face.jpg","contentUrl":"https:\/\/blog.elasbank.com.br\/wp-content\/uploads\/2021\/07\/avatar-face.jpg","width":180,"height":180,"caption":"ElasBank"},"image":{"@id":"https:\/\/blog.ladybank.com.br\/#\/schema\/logo\/image\/"}},{"@type":"WebSite","@id":"https:\/\/blog.ladybank.com.br\/#website","url":"https:\/\/blog.ladybank.com.br\/","name":"blog da LadyBank","description":"De Mulheres para Mulheres","publisher":{"@id":"https:\/\/blog.ladybank.com.br\/#organization"},"potentialAction":[{"@type":"SearchAction","target":{"@type":"EntryPoint","urlTemplate":"https:\/\/blog.ladybank.com.br\/?s={search_term_string}"},"query-input":"required name=search_term_string"}],"inLanguage":"pt-BR"},{"@type":"WebPage","@id":"https:\/\/blog.ladybank.com.br\/index.php\/faq\/faq-cartoes\/","url":"https:\/\/blog.ladybank.com.br\/index.php\/faq\/faq-cartoes\/","name":"FAQ-Cart\u00f5es - blog da LadyBank","isPartOf":{"@id":"https:\/\/blog.ladybank.com.br\/#website"},"datePublished":"2021-01-16T20:19:09+00:00","dateModified":"2021-01-16T20:19:59+00:00","breadcrumb":{"@id":"https:\/\/blog.ladybank.com.br\/index.php\/faq\/faq-cartoes\/#breadcrumb"},"inLanguage":"pt-BR","potentialAction":[{"@type":"ReadAction","target":["https:\/\/blog.ladybank.com.br\/index.php\/faq\/faq-cartoes\/"]}]},{"@type":"BreadcrumbList","@id":"https:\/\/blog.ladybank.com.br\/index.php\/faq\/faq-cartoes\/#breadcrumb","itemListElement":[{"@type":"ListItem","position":1,"name":"In\u00edcio","item":"https:\/\/blog.ladybank.com.br\/"},{"@type":"ListItem","position":2,"name":"Tira-d\u00favidas (FAQ)","item":"https:\/\/blog.ladybank.com.br\/index.php\/faq\/"},{"@type":"ListItem","position":3,"name":"FAQ-Cart\u00f5es"}]}]}},"_links":{"self":[{"href":"https:\/\/blog.ladybank.com.br\/index.php\/wp-json\/wp\/v2\/pages\/1080"}],"collection":[{"href":"https:\/\/blog.ladybank.com.br\/index.php\/wp-json\/wp\/v2\/pages"}],"about":[{"href":"https:\/\/blog.ladybank.com.br\/index.php\/wp-json\/wp\/v2\/types\/page"}],"author":[{"embeddable":true,"href":"https:\/\/blog.ladybank.com.br\/index.php\/wp-json\/wp\/v2\/users\/1"}],"replies":[{"embeddable":true,"href":"https:\/\/blog.ladybank.com.br\/index.php\/wp-json\/wp\/v2\/comments?post=1080"}],"version-history":[{"count":4,"href":"https:\/\/blog.ladybank.com.br\/index.php\/wp-json\/wp\/v2\/pages\/1080\/revisions"}],"predecessor-version":[{"id":1084,"href":"https:\/\/blog.ladybank.com.br\/index.php\/wp-json\/wp\/v2\/pages\/1080\/revisions\/1084"}],"up":[{"embeddable":true,"href":"https:\/\/blog.ladybank.com.br\/index.php\/wp-json\/wp\/v2\/pages\/837"}],"wp:attachment":[{"href":"https:\/\/blog.ladybank.com.br\/index.php\/wp-json\/wp\/v2\/media?parent=1080"}],"curies":[{"name":"wp","href":"https:\/\/api.w.org\/{rel}","templated":true}]}}