{"id":1062,"date":"2021-01-16T17:08:40","date_gmt":"2021-01-16T20:08:40","guid":{"rendered":"https:\/\/blog.elasbank.com.br\/?page_id=1062"},"modified":"2021-01-16T17:16:35","modified_gmt":"2021-01-16T20:16:35","slug":"faq-servicos","status":"publish","type":"page","link":"https:\/\/blog.ladybank.com.br\/index.php\/faq\/faq-servicos\/","title":{"rendered":"FAQ-Servi\u00e7os"},"content":{"rendered":"\t\t<div data-elementor-type=\"wp-page\" data-elementor-id=\"1062\" class=\"elementor elementor-1062\" data-elementor-settings=\"[]\">\n\t\t\t\t\t\t<div class=\"elementor-inner\">\n\t\t\t\t\t\t\t<div class=\"elementor-section-wrap\">\n\t\t\t\t\t\t\t<section class=\"elementor-section elementor-top-section elementor-element elementor-element-adc2149 elementor-section-content-top elementor-section-boxed elementor-section-height-default elementor-section-height-default\" data-id=\"adc2149\" data-element_type=\"section\" data-settings=\"{&quot;background_background&quot;:&quot;gradient&quot;}\">\n\t\t\t\t\t\t\t<div class=\"elementor-background-overlay\"><\/div>\n\t\t\t\t\t\t\t<div class=\"elementor-container elementor-column-gap-default\">\n\t\t\t\t\t\t\t<div class=\"elementor-row\">\n\t\t\t\t\t<div class=\"elementor-column elementor-col-100 elementor-top-column elementor-element elementor-element-f6491b4\" data-id=\"f6491b4\" data-element_type=\"column\">\n\t\t\t<div class=\"elementor-column-wrap elementor-element-populated\">\n\t\t\t\t\t\t\t<div class=\"elementor-widget-wrap\">\n\t\t\t\t\t\t<div class=\"elementor-element elementor-element-5848920 elementor-grid-4 elementor-posts--align-left elementor-grid-tablet-2 elementor-grid-mobile-1 elementor-posts--thumbnail-top elementor-card-shadow-yes elementor-posts__hover-gradient elementor-widget elementor-widget-posts\" data-id=\"5848920\" data-element_type=\"widget\" data-settings=\"{&quot;cards_columns&quot;:&quot;4&quot;,&quot;cards_masonry&quot;:&quot;yes&quot;,&quot;cards_row_gap&quot;:{&quot;unit&quot;:&quot;px&quot;,&quot;size&quot;:36,&quot;sizes&quot;:[]},&quot;pagination_type&quot;:&quot;numbers_and_prev_next&quot;,&quot;cards_columns_tablet&quot;:&quot;2&quot;,&quot;cards_columns_mobile&quot;:&quot;1&quot;,&quot;cards_row_gap_tablet&quot;:{&quot;unit&quot;:&quot;px&quot;,&quot;size&quot;:&quot;&quot;,&quot;sizes&quot;:[]},&quot;cards_row_gap_mobile&quot;:{&quot;unit&quot;:&quot;px&quot;,&quot;size&quot;:&quot;&quot;,&quot;sizes&quot;:[]}}\" data-widget_type=\"posts.cards\">\n\t\t\t\t<div class=\"elementor-widget-container\">\n\t\t\t\t\t<div class=\"elementor-posts-container elementor-posts elementor-posts--skin-cards elementor-grid\">\n\t\t\t\t<article class=\"elementor-post elementor-grid-item post-1164 post type-post status-publish format-standard has-post-thumbnail hentry category-faq-servicos tag-agua-gas tag-boletos tag-impostos tag-luz tag-telefone\">\n\t\t\t<div class=\"elementor-post__card\">\n\t\t\t\t<a class=\"elementor-post__thumbnail__link\" href=\"https:\/\/blog.ladybank.com.br\/index.php\/2021\/01\/19\/quais-contas-posso-pagar-pela-minha-conta-ladybank\/\" ><div class=\"elementor-post__thumbnail\"><img width=\"150\" height=\"150\" src=\"https:\/\/blog.ladybank.com.br\/wp-content\/uploads\/2021\/01\/POST300-150x150.png\" class=\"attachment-thumbnail size-thumbnail\" alt=\"\" loading=\"lazy\" srcset=\"https:\/\/blog.ladybank.com.br\/wp-content\/uploads\/2021\/01\/POST300-150x150.png 150w, https:\/\/blog.ladybank.com.br\/wp-content\/uploads\/2021\/01\/POST300-300x300.png 300w, https:\/\/blog.ladybank.com.br\/wp-content\/uploads\/2021\/01\/POST300-1024x1024.png 1024w, https:\/\/blog.ladybank.com.br\/wp-content\/uploads\/2021\/01\/POST300-768x767.png 768w, https:\/\/blog.ladybank.com.br\/wp-content\/uploads\/2021\/01\/POST300.png 1080w\" sizes=\"(max-width: 150px) 100vw, 150px\" \/><\/div><\/a>\n\t\t\t\t<div class=\"elementor-post__badge\">FAQ-Servi\u00e7os<\/div>\n\t\t\t\t<div class=\"elementor-post__text\">\n\t\t\t\t<h1 class=\"elementor-post__title\">\n\t\t\t<a href=\"https:\/\/blog.ladybank.com.br\/index.php\/2021\/01\/19\/quais-contas-posso-pagar-pela-minha-conta-ladybank\/\" >\n\t\t\t\tQuais contas posso pagar pela minha Conta LadyBank?\t\t\t<\/a>\n\t\t<\/h1>\n\t\t\t\t<div class=\"elementor-post__excerpt\">\n\t\t\t<p>Voc\u00ea pode efetuar o pagamento de contas de consumo (\u00e1gua, telefone, luz, g\u00e1s), cobran\u00e7as banc\u00e1rias e impostos. Para pagar as contas, acesse o site www.ladybank.com.br e fa\u00e7a login. Na op\u00e7\u00e3o: &#8220;Pagar Conta&#8221;, voc\u00ea digita o c\u00f3digo de barras, confere as informa\u00e7\u00f5es, confirma o pagamento e informa o c\u00f3digo de valida\u00e7\u00e3o<\/p>\n\t\t<\/div>\n\t\t\t\t\t<a class=\"elementor-post__read-more\" href=\"https:\/\/blog.ladybank.com.br\/index.php\/2021\/01\/19\/quais-contas-posso-pagar-pela-minha-conta-ladybank\/\" >\n\t\t\t\tLeia mais \u00bb\t\t\t<\/a>\n\t\t\t\t<\/div>\n\t\t\t\t<div class=\"elementor-post__meta-data\">\n\t\t\t\t\t<span class=\"elementor-post-date\">\n\t\t\t19 de janeiro de 2021\t\t<\/span>\n\t\t\t\t<span class=\"elementor-post-avatar\">\n\t\t\tNenhum coment\u00e1rio\t\t<\/span>\n\t\t\t\t<\/div>\n\t\t\t\t\t<\/div>\n\t\t<\/article>\n\t\t\t\t<article class=\"elementor-post elementor-grid-item post-1142 post type-post status-publish format-standard has-post-thumbnail hentry category-faq-servicos category-pix-qrcode category-transferencias tag-chaves-pix tag-pagamentos tag-qr-code tag-recebimentos tag-transferencias\">\n\t\t\t<div class=\"elementor-post__card\">\n\t\t\t\t<a class=\"elementor-post__thumbnail__link\" href=\"https:\/\/blog.ladybank.com.br\/index.php\/2021\/01\/18\/minhas-chaves-pix\/\" ><div class=\"elementor-post__thumbnail\"><img width=\"150\" height=\"150\" src=\"https:\/\/blog.ladybank.com.br\/wp-content\/uploads\/2021\/01\/POST298-150x150.png\" class=\"attachment-thumbnail size-thumbnail\" alt=\"\" loading=\"lazy\" srcset=\"https:\/\/blog.ladybank.com.br\/wp-content\/uploads\/2021\/01\/POST298-150x150.png 150w, https:\/\/blog.ladybank.com.br\/wp-content\/uploads\/2021\/01\/POST298-300x300.png 300w, https:\/\/blog.ladybank.com.br\/wp-content\/uploads\/2021\/01\/POST298-1024x1024.png 1024w, https:\/\/blog.ladybank.com.br\/wp-content\/uploads\/2021\/01\/POST298-768x767.png 768w, https:\/\/blog.ladybank.com.br\/wp-content\/uploads\/2021\/01\/POST298.png 1080w\" sizes=\"(max-width: 150px) 100vw, 150px\" \/><\/div><\/a>\n\t\t\t\t<div class=\"elementor-post__badge\">FAQ-Servi\u00e7os<\/div>\n\t\t\t\t<div class=\"elementor-post__text\">\n\t\t\t\t<h1 class=\"elementor-post__title\">\n\t\t\t<a href=\"https:\/\/blog.ladybank.com.br\/index.php\/2021\/01\/18\/minhas-chaves-pix\/\" >\n\t\t\t\tMinhas Chaves Pix\t\t\t<\/a>\n\t\t<\/h1>\n\t\t\t\t<div class=\"elementor-post__excerpt\">\n\t\t\t<p>As chaves Pix s\u00e3o uma nova forma de tornar o processo de enviar e receber dinheiro ainda mais f\u00e1cil e seguro. Com elas, ao inv\u00e9s de voc\u00ea precisar informar ou pedir todos os dados banc\u00e1rios de uma pessoa ou empresa, voc\u00ea pode usar uma \u00fanica informa\u00e7\u00e3o para realizar e receber&nbsp;<\/p>\n\t\t<\/div>\n\t\t\t\t\t<a class=\"elementor-post__read-more\" href=\"https:\/\/blog.ladybank.com.br\/index.php\/2021\/01\/18\/minhas-chaves-pix\/\" >\n\t\t\t\tLeia mais \u00bb\t\t\t<\/a>\n\t\t\t\t<\/div>\n\t\t\t\t<div class=\"elementor-post__meta-data\">\n\t\t\t\t\t<span class=\"elementor-post-date\">\n\t\t\t18 de janeiro de 2021\t\t<\/span>\n\t\t\t\t<span class=\"elementor-post-avatar\">\n\t\t\tNenhum coment\u00e1rio\t\t<\/span>\n\t\t\t\t<\/div>\n\t\t\t\t\t<\/div>\n\t\t<\/article>\n\t\t\t\t<\/div>\n\n\n\t\t\n\t\t\t\t<\/div>\n\t\t\t\t<\/div>\n\t\t\t\t\t\t<\/div>\n\t\t\t\t\t<\/div>\n\t\t<\/div>\n\t\t\t\t\t\t\t\t<\/div>\n\t\t\t\t\t<\/div>\n\t\t<\/section>\n\t\t\t\t\t\t<\/div>\n\t\t\t\t\t\t<\/div>\n\t\t\t\t\t<\/div>\n\t\t","protected":false},"excerpt":{"rendered":"","protected":false},"author":1,"featured_media":0,"parent":837,"menu_order":3,"comment_status":"closed","ping_status":"closed","template":"","meta":[],"yoast_head":"<!-- This site is optimized with the Yoast SEO Premium plugin v18.4 (Yoast SEO v19.4) - https:\/\/yoast.com\/wordpress\/plugins\/seo\/ -->\n<title>FAQ-Servi\u00e7os - blog da LadyBank<\/title>\n<meta name=\"robots\" content=\"index, follow, max-snippet:-1, max-image-preview:large, max-video-preview:-1\" \/>\n<link rel=\"canonical\" href=\"https:\/\/blog.ladybank.com.br\/index.php\/faq\/faq-servicos\/\" \/>\n<meta property=\"og:locale\" content=\"pt_BR\" \/>\n<meta property=\"og:type\" content=\"article\" \/>\n<meta property=\"og:title\" content=\"FAQ-Servi\u00e7os\" \/>\n<meta property=\"og:url\" content=\"https:\/\/blog.ladybank.com.br\/index.php\/faq\/faq-servicos\/\" \/>\n<meta property=\"og:site_name\" content=\"blog da LadyBank\" \/>\n<meta property=\"article:publisher\" content=\"https:\/\/www.facebook.com\/ElasBank\" \/>\n<meta property=\"article:modified_time\" content=\"2021-01-16T20:16:35+00:00\" \/>\n<meta property=\"og:image\" content=\"https:\/\/blog.ladybank.com.br\/wp-content\/uploads\/2021\/07\/cropped-avatar-face.jpg\" \/>\n\t<meta property=\"og:image:width\" content=\"512\" \/>\n\t<meta property=\"og:image:height\" content=\"512\" \/>\n\t<meta property=\"og:image:type\" content=\"image\/jpeg\" \/>\n<meta name=\"twitter:card\" content=\"summary_large_image\" \/>\n<meta name=\"twitter:site\" content=\"@Elasbank\" \/>\n<script type=\"application\/ld+json\" class=\"yoast-schema-graph\">{\"@context\":\"https:\/\/schema.org\",\"@graph\":[{\"@type\":\"Organization\",\"@id\":\"https:\/\/blog.ladybank.com.br\/#organization\",\"name\":\"ElasBank\",\"url\":\"https:\/\/blog.ladybank.com.br\/\",\"sameAs\":[\"https:\/\/www.instagram.com\/elasbank\/\",\"https:\/\/www.linkedin.com\/company\/64980284\/admin\/\",\"https:\/\/www.facebook.com\/ElasBank\",\"https:\/\/twitter.com\/Elasbank\"],\"logo\":{\"@type\":\"ImageObject\",\"inLanguage\":\"pt-BR\",\"@id\":\"https:\/\/blog.ladybank.com.br\/#\/schema\/logo\/image\/\",\"url\":\"https:\/\/blog.elasbank.com.br\/wp-content\/uploads\/2021\/07\/avatar-face.jpg\",\"contentUrl\":\"https:\/\/blog.elasbank.com.br\/wp-content\/uploads\/2021\/07\/avatar-face.jpg\",\"width\":180,\"height\":180,\"caption\":\"ElasBank\"},\"image\":{\"@id\":\"https:\/\/blog.ladybank.com.br\/#\/schema\/logo\/image\/\"}},{\"@type\":\"WebSite\",\"@id\":\"https:\/\/blog.ladybank.com.br\/#website\",\"url\":\"https:\/\/blog.ladybank.com.br\/\",\"name\":\"blog da LadyBank\",\"description\":\"De Mulheres para Mulheres\",\"publisher\":{\"@id\":\"https:\/\/blog.ladybank.com.br\/#organization\"},\"potentialAction\":[{\"@type\":\"SearchAction\",\"target\":{\"@type\":\"EntryPoint\",\"urlTemplate\":\"https:\/\/blog.ladybank.com.br\/?s={search_term_string}\"},\"query-input\":\"required name=search_term_string\"}],\"inLanguage\":\"pt-BR\"},{\"@type\":\"WebPage\",\"@id\":\"https:\/\/blog.ladybank.com.br\/index.php\/faq\/faq-servicos\/\",\"url\":\"https:\/\/blog.ladybank.com.br\/index.php\/faq\/faq-servicos\/\",\"name\":\"FAQ-Servi\u00e7os - blog da LadyBank\",\"isPartOf\":{\"@id\":\"https:\/\/blog.ladybank.com.br\/#website\"},\"datePublished\":\"2021-01-16T20:08:40+00:00\",\"dateModified\":\"2021-01-16T20:16:35+00:00\",\"breadcrumb\":{\"@id\":\"https:\/\/blog.ladybank.com.br\/index.php\/faq\/faq-servicos\/#breadcrumb\"},\"inLanguage\":\"pt-BR\",\"potentialAction\":[{\"@type\":\"ReadAction\",\"target\":[\"https:\/\/blog.ladybank.com.br\/index.php\/faq\/faq-servicos\/\"]}]},{\"@type\":\"BreadcrumbList\",\"@id\":\"https:\/\/blog.ladybank.com.br\/index.php\/faq\/faq-servicos\/#breadcrumb\",\"itemListElement\":[{\"@type\":\"ListItem\",\"position\":1,\"name\":\"In\u00edcio\",\"item\":\"https:\/\/blog.ladybank.com.br\/\"},{\"@type\":\"ListItem\",\"position\":2,\"name\":\"Tira-d\u00favidas (FAQ)\",\"item\":\"https:\/\/blog.ladybank.com.br\/index.php\/faq\/\"},{\"@type\":\"ListItem\",\"position\":3,\"name\":\"FAQ-Servi\u00e7os\"}]}]}<\/script>\n<!-- \/ Yoast SEO Premium plugin. -->","yoast_head_json":{"title":"FAQ-Servi\u00e7os - blog da LadyBank","robots":{"index":"index","follow":"follow","max-snippet":"max-snippet:-1","max-image-preview":"max-image-preview:large","max-video-preview":"max-video-preview:-1"},"canonical":"https:\/\/blog.ladybank.com.br\/index.php\/faq\/faq-servicos\/","og_locale":"pt_BR","og_type":"article","og_title":"FAQ-Servi\u00e7os","og_url":"https:\/\/blog.ladybank.com.br\/index.php\/faq\/faq-servicos\/","og_site_name":"blog da LadyBank","article_publisher":"https:\/\/www.facebook.com\/ElasBank","article_modified_time":"2021-01-16T20:16:35+00:00","og_image":[{"width":512,"height":512,"url":"https:\/\/blog.ladybank.com.br\/wp-content\/uploads\/2021\/07\/cropped-avatar-face.jpg","type":"image\/jpeg"}],"twitter_card":"summary_large_image","twitter_site":"@Elasbank","schema":{"@context":"https:\/\/schema.org","@graph":[{"@type":"Organization","@id":"https:\/\/blog.ladybank.com.br\/#organization","name":"ElasBank","url":"https:\/\/blog.ladybank.com.br\/","sameAs":["https:\/\/www.instagram.com\/elasbank\/","https:\/\/www.linkedin.com\/company\/64980284\/admin\/","https:\/\/www.facebook.com\/ElasBank","https:\/\/twitter.com\/Elasbank"],"logo":{"@type":"ImageObject","inLanguage":"pt-BR","@id":"https:\/\/blog.ladybank.com.br\/#\/schema\/logo\/image\/","url":"https:\/\/blog.elasbank.com.br\/wp-content\/uploads\/2021\/07\/avatar-face.jpg","contentUrl":"https:\/\/blog.elasbank.com.br\/wp-content\/uploads\/2021\/07\/avatar-face.jpg","width":180,"height":180,"caption":"ElasBank"},"image":{"@id":"https:\/\/blog.ladybank.com.br\/#\/schema\/logo\/image\/"}},{"@type":"WebSite","@id":"https:\/\/blog.ladybank.com.br\/#website","url":"https:\/\/blog.ladybank.com.br\/","name":"blog da LadyBank","description":"De Mulheres para Mulheres","publisher":{"@id":"https:\/\/blog.ladybank.com.br\/#organization"},"potentialAction":[{"@type":"SearchAction","target":{"@type":"EntryPoint","urlTemplate":"https:\/\/blog.ladybank.com.br\/?s={search_term_string}"},"query-input":"required name=search_term_string"}],"inLanguage":"pt-BR"},{"@type":"WebPage","@id":"https:\/\/blog.ladybank.com.br\/index.php\/faq\/faq-servicos\/","url":"https:\/\/blog.ladybank.com.br\/index.php\/faq\/faq-servicos\/","name":"FAQ-Servi\u00e7os - blog da LadyBank","isPartOf":{"@id":"https:\/\/blog.ladybank.com.br\/#website"},"datePublished":"2021-01-16T20:08:40+00:00","dateModified":"2021-01-16T20:16:35+00:00","breadcrumb":{"@id":"https:\/\/blog.ladybank.com.br\/index.php\/faq\/faq-servicos\/#breadcrumb"},"inLanguage":"pt-BR","potentialAction":[{"@type":"ReadAction","target":["https:\/\/blog.ladybank.com.br\/index.php\/faq\/faq-servicos\/"]}]},{"@type":"BreadcrumbList","@id":"https:\/\/blog.ladybank.com.br\/index.php\/faq\/faq-servicos\/#breadcrumb","itemListElement":[{"@type":"ListItem","position":1,"name":"In\u00edcio","item":"https:\/\/blog.ladybank.com.br\/"},{"@type":"ListItem","position":2,"name":"Tira-d\u00favidas (FAQ)","item":"https:\/\/blog.ladybank.com.br\/index.php\/faq\/"},{"@type":"ListItem","position":3,"name":"FAQ-Servi\u00e7os"}]}]}},"_links":{"self":[{"href":"https:\/\/blog.ladybank.com.br\/index.php\/wp-json\/wp\/v2\/pages\/1062"}],"collection":[{"href":"https:\/\/blog.ladybank.com.br\/index.php\/wp-json\/wp\/v2\/pages"}],"about":[{"href":"https:\/\/blog.ladybank.com.br\/index.php\/wp-json\/wp\/v2\/types\/page"}],"author":[{"embeddable":true,"href":"https:\/\/blog.ladybank.com.br\/index.php\/wp-json\/wp\/v2\/users\/1"}],"replies":[{"embeddable":true,"href":"https:\/\/blog.ladybank.com.br\/index.php\/wp-json\/wp\/v2\/comments?post=1062"}],"version-history":[{"count":10,"href":"https:\/\/blog.ladybank.com.br\/index.php\/wp-json\/wp\/v2\/pages\/1062\/revisions"}],"predecessor-version":[{"id":1072,"href":"https:\/\/blog.ladybank.com.br\/index.php\/wp-json\/wp\/v2\/pages\/1062\/revisions\/1072"}],"up":[{"embeddable":true,"href":"https:\/\/blog.ladybank.com.br\/index.php\/wp-json\/wp\/v2\/pages\/837"}],"wp:attachment":[{"href":"https:\/\/blog.ladybank.com.br\/index.php\/wp-json\/wp\/v2\/media?parent=1062"}],"curies":[{"name":"wp","href":"https:\/\/api.w.org\/{rel}","templated":true}]}}